{"id":4202,"date":"2022-12-21T19:01:24","date_gmt":"2022-12-21T17:01:24","guid":{"rendered":"https:\/\/ferreralimentacion.com\/terms-and-conditions\/"},"modified":"2024-03-20T10:08:50","modified_gmt":"2024-03-20T08:08:50","slug":"termos-e-condicoes-de-fornecimento","status":"publish","type":"page","link":"https:\/\/ferreralimentacion.com\/pt-pt\/termos-e-condicoes-de-fornecimento\/","title":{"rendered":"Termos e condi\u00e7\u00f5es de fornecimento"},"content":{"rendered":"","protected":false},"excerpt":{"rendered":"","protected":false},"author":1,"featured_media":0,"parent":0,"menu_order":0,"comment_status":"closed","ping_status":"closed","template":"page-politica.php","meta":{"footnotes":""},"class_list":["post-4202","page","type-page","status-publish","hentry"],"yoast_head":"<!-- This site is optimized with the Yoast SEO plugin v27.3 - https:\/\/yoast.com\/product\/yoast-seo-wordpress\/ -->\n<title>Termos e condi\u00e7\u00f5es de fornecimento - Ferrer Alimentaci\u00f3n<\/title>\n<meta name=\"robots\" content=\"index, follow, max-snippet:-1, max-image-preview:large, max-video-preview:-1\" \/>\n<link rel=\"canonical\" href=\"https:\/\/ferreralimentacion.com\/pt-pt\/termos-e-condicoes-de-fornecimento\/\" \/>\n<meta property=\"og:locale\" content=\"pt_PT\" \/>\n<meta property=\"og:type\" content=\"article\" \/>\n<meta property=\"og:title\" content=\"Termos e condi\u00e7\u00f5es de fornecimento - Ferrer Alimentaci\u00f3n\" \/>\n<meta property=\"og:url\" content=\"https:\/\/ferreralimentacion.com\/pt-pt\/termos-e-condicoes-de-fornecimento\/\" \/>\n<meta property=\"og:site_name\" content=\"Ferrer Alimentaci\u00f3n\" \/>\n<meta property=\"article:modified_time\" content=\"2024-03-20T08:08:50+00:00\" \/>\n<meta name=\"twitter:card\" content=\"summary_large_image\" \/>\n<script type=\"application\/ld+json\" class=\"yoast-schema-graph\">{\"@context\":\"https:\\\/\\\/schema.org\",\"@graph\":[{\"@type\":\"WebPage\",\"@id\":\"https:\\\/\\\/ferreralimentacion.com\\\/pt-pt\\\/termos-e-condicoes-de-fornecimento\\\/\",\"url\":\"https:\\\/\\\/ferreralimentacion.com\\\/pt-pt\\\/termos-e-condicoes-de-fornecimento\\\/\",\"name\":\"Termos e condi\u00e7\u00f5es de fornecimento - Ferrer Alimentaci\u00f3n\",\"isPartOf\":{\"@id\":\"https:\\\/\\\/ferreralimentacion.com\\\/#website\"},\"datePublished\":\"2022-12-21T17:01:24+00:00\",\"dateModified\":\"2024-03-20T08:08:50+00:00\",\"inLanguage\":\"pt-PT\",\"potentialAction\":[{\"@type\":\"ReadAction\",\"target\":[\"https:\\\/\\\/ferreralimentacion.com\\\/pt-pt\\\/termos-e-condicoes-de-fornecimento\\\/\"]}]},{\"@type\":\"WebSite\",\"@id\":\"https:\\\/\\\/ferreralimentacion.com\\\/#website\",\"url\":\"https:\\\/\\\/ferreralimentacion.com\\\/\",\"name\":\"Ferrer Alimentaci\u00f3n\",\"description\":\"En Ferrer Alimentaci\u00f3n ofrecemos soluciones integrales en el proceso de creaci\u00f3n de alimentos, una amplio cat\u00e1logo y capacidad de distribuci\u00f3n\",\"publisher\":{\"@id\":\"https:\\\/\\\/ferreralimentacion.com\\\/#organization\"},\"potentialAction\":[{\"@type\":\"SearchAction\",\"target\":{\"@type\":\"EntryPoint\",\"urlTemplate\":\"https:\\\/\\\/ferreralimentacion.com\\\/?s={search_term_string}\"},\"query-input\":{\"@type\":\"PropertyValueSpecification\",\"valueRequired\":true,\"valueName\":\"search_term_string\"}}],\"inLanguage\":\"pt-PT\"},{\"@type\":\"Organization\",\"@id\":\"https:\\\/\\\/ferreralimentacion.com\\\/#organization\",\"name\":\"Ferrer Alimentaci\u00f3n\",\"url\":\"https:\\\/\\\/ferreralimentacion.com\\\/\",\"logo\":{\"@type\":\"ImageObject\",\"inLanguage\":\"pt-PT\",\"@id\":\"https:\\\/\\\/ferreralimentacion.com\\\/#\\\/schema\\\/logo\\\/image\\\/\",\"url\":\"https:\\\/\\\/ferreralimentacion.com\\\/wp-content\\\/uploads\\\/2021\\\/08\\\/logo-ferrer-alimentacion-1.png\",\"contentUrl\":\"https:\\\/\\\/ferreralimentacion.com\\\/wp-content\\\/uploads\\\/2021\\\/08\\\/logo-ferrer-alimentacion-1.png\",\"width\":350,\"height\":33,\"caption\":\"Ferrer Alimentaci\u00f3n\"},\"image\":{\"@id\":\"https:\\\/\\\/ferreralimentacion.com\\\/#\\\/schema\\\/logo\\\/image\\\/\"},\"sameAs\":[\"https:\\\/\\\/www.linkedin.com\\\/company\\\/ferrer-alimentacin-s-a\\\/mycompany\\\/\"]}]}<\/script>\n<!-- \/ Yoast SEO plugin. -->","yoast_head_json":{"title":"Termos e condi\u00e7\u00f5es de fornecimento - Ferrer Alimentaci\u00f3n","robots":{"index":"index","follow":"follow","max-snippet":"max-snippet:-1","max-image-preview":"max-image-preview:large","max-video-preview":"max-video-preview:-1"},"canonical":"https:\/\/ferreralimentacion.com\/pt-pt\/termos-e-condicoes-de-fornecimento\/","og_locale":"pt_PT","og_type":"article","og_title":"Termos e condi\u00e7\u00f5es de fornecimento - Ferrer Alimentaci\u00f3n","og_url":"https:\/\/ferreralimentacion.com\/pt-pt\/termos-e-condicoes-de-fornecimento\/","og_site_name":"Ferrer Alimentaci\u00f3n","article_modified_time":"2024-03-20T08:08:50+00:00","twitter_card":"summary_large_image","schema":{"@context":"https:\/\/schema.org","@graph":[{"@type":"WebPage","@id":"https:\/\/ferreralimentacion.com\/pt-pt\/termos-e-condicoes-de-fornecimento\/","url":"https:\/\/ferreralimentacion.com\/pt-pt\/termos-e-condicoes-de-fornecimento\/","name":"Termos e condi\u00e7\u00f5es de fornecimento - Ferrer Alimentaci\u00f3n","isPartOf":{"@id":"https:\/\/ferreralimentacion.com\/#website"},"datePublished":"2022-12-21T17:01:24+00:00","dateModified":"2024-03-20T08:08:50+00:00","inLanguage":"pt-PT","potentialAction":[{"@type":"ReadAction","target":["https:\/\/ferreralimentacion.com\/pt-pt\/termos-e-condicoes-de-fornecimento\/"]}]},{"@type":"WebSite","@id":"https:\/\/ferreralimentacion.com\/#website","url":"https:\/\/ferreralimentacion.com\/","name":"Ferrer Alimentaci\u00f3n","description":"En Ferrer Alimentaci\u00f3n ofrecemos soluciones integrales en el proceso de creaci\u00f3n de alimentos, una amplio cat\u00e1logo y capacidad de distribuci\u00f3n","publisher":{"@id":"https:\/\/ferreralimentacion.com\/#organization"},"potentialAction":[{"@type":"SearchAction","target":{"@type":"EntryPoint","urlTemplate":"https:\/\/ferreralimentacion.com\/?s={search_term_string}"},"query-input":{"@type":"PropertyValueSpecification","valueRequired":true,"valueName":"search_term_string"}}],"inLanguage":"pt-PT"},{"@type":"Organization","@id":"https:\/\/ferreralimentacion.com\/#organization","name":"Ferrer Alimentaci\u00f3n","url":"https:\/\/ferreralimentacion.com\/","logo":{"@type":"ImageObject","inLanguage":"pt-PT","@id":"https:\/\/ferreralimentacion.com\/#\/schema\/logo\/image\/","url":"https:\/\/ferreralimentacion.com\/wp-content\/uploads\/2021\/08\/logo-ferrer-alimentacion-1.png","contentUrl":"https:\/\/ferreralimentacion.com\/wp-content\/uploads\/2021\/08\/logo-ferrer-alimentacion-1.png","width":350,"height":33,"caption":"Ferrer Alimentaci\u00f3n"},"image":{"@id":"https:\/\/ferreralimentacion.com\/#\/schema\/logo\/image\/"},"sameAs":["https:\/\/www.linkedin.com\/company\/ferrer-alimentacin-s-a\/mycompany\/"]}]}},"_links":{"self":[{"href":"https:\/\/ferreralimentacion.com\/pt-pt\/wp-json\/wp\/v2\/pages\/4202","targetHints":{"allow":["GET"]}}],"collection":[{"href":"https:\/\/ferreralimentacion.com\/pt-pt\/wp-json\/wp\/v2\/pages"}],"about":[{"href":"https:\/\/ferreralimentacion.com\/pt-pt\/wp-json\/wp\/v2\/types\/page"}],"author":[{"embeddable":true,"href":"https:\/\/ferreralimentacion.com\/pt-pt\/wp-json\/wp\/v2\/users\/1"}],"replies":[{"embeddable":true,"href":"https:\/\/ferreralimentacion.com\/pt-pt\/wp-json\/wp\/v2\/comments?post=4202"}],"version-history":[{"count":10,"href":"https:\/\/ferreralimentacion.com\/pt-pt\/wp-json\/wp\/v2\/pages\/4202\/revisions"}],"predecessor-version":[{"id":4409,"href":"https:\/\/ferreralimentacion.com\/pt-pt\/wp-json\/wp\/v2\/pages\/4202\/revisions\/4409"}],"wp:attachment":[{"href":"https:\/\/ferreralimentacion.com\/pt-pt\/wp-json\/wp\/v2\/media?parent=4202"}],"curies":[{"name":"wp","href":"https:\/\/api.w.org\/{rel}","templated":true}]}}