{"id":2236,"date":"2022-02-17T13:24:39","date_gmt":"2022-02-17T13:24:39","guid":{"rendered":"https:\/\/ferreralimentacion.com\/socis\/"},"modified":"2026-01-26T16:10:19","modified_gmt":"2026-01-26T15:10:19","slug":"partners","status":"publish","type":"page","link":"https:\/\/ferreralimentacion.com\/en\/partners\/","title":{"rendered":"Partners"},"content":{"rendered":"","protected":false},"excerpt":{"rendered":"","protected":false},"author":1,"featured_media":0,"parent":0,"menu_order":0,"comment_status":"closed","ping_status":"closed","template":"page-ferreralimentacion.php","meta":{"footnotes":""},"class_list":["post-2236","page","type-page","status-publish","hentry"],"yoast_head":"<!-- This site is optimized with the Yoast SEO plugin v27.3 - https:\/\/yoast.com\/product\/yoast-seo-wordpress\/ -->\n<title>Partners - Ferrer Alimentaci\u00f3n<\/title>\n<meta name=\"description\" content=\"Our partners are prestigious companies and leading producers in their market sector. They are aligned with the market trends evolution\" \/>\n<meta name=\"robots\" content=\"index, follow, max-snippet:-1, max-image-preview:large, max-video-preview:-1\" \/>\n<link rel=\"canonical\" href=\"https:\/\/ferreralimentacion.com\/en\/partners\/\" \/>\n<meta property=\"og:locale\" content=\"en_US\" \/>\n<meta property=\"og:type\" content=\"article\" \/>\n<meta property=\"og:title\" content=\"Partners - Ferrer Alimentaci\u00f3n\" \/>\n<meta property=\"og:description\" content=\"Our partners are prestigious companies and leading producers in their market sector. They are aligned with the market trends evolution\" \/>\n<meta property=\"og:url\" content=\"https:\/\/ferreralimentacion.com\/en\/partners\/\" \/>\n<meta property=\"og:site_name\" content=\"Ferrer Alimentaci\u00f3n\" \/>\n<meta property=\"article:modified_time\" content=\"2026-01-26T15:10:19+00:00\" \/>\n<meta name=\"twitter:card\" content=\"summary_large_image\" \/>\n<script type=\"application\/ld+json\" class=\"yoast-schema-graph\">{\"@context\":\"https:\\\/\\\/schema.org\",\"@graph\":[{\"@type\":\"WebPage\",\"@id\":\"https:\\\/\\\/ferreralimentacion.com\\\/en\\\/partners\\\/\",\"url\":\"https:\\\/\\\/ferreralimentacion.com\\\/en\\\/partners\\\/\",\"name\":\"Partners - Ferrer Alimentaci\u00f3n\",\"isPartOf\":{\"@id\":\"https:\\\/\\\/ferreralimentacion.com\\\/#website\"},\"datePublished\":\"2022-02-17T13:24:39+00:00\",\"dateModified\":\"2026-01-26T15:10:19+00:00\",\"description\":\"Our partners are prestigious companies and leading producers in their market sector. They are aligned with the market trends evolution\",\"inLanguage\":\"en-US\",\"potentialAction\":[{\"@type\":\"ReadAction\",\"target\":[\"https:\\\/\\\/ferreralimentacion.com\\\/en\\\/partners\\\/\"]}]},{\"@type\":\"WebSite\",\"@id\":\"https:\\\/\\\/ferreralimentacion.com\\\/#website\",\"url\":\"https:\\\/\\\/ferreralimentacion.com\\\/\",\"name\":\"Ferrer Alimentaci\u00f3n\",\"description\":\"En Ferrer Alimentaci\u00f3n ofrecemos soluciones integrales en el proceso de creaci\u00f3n de alimentos, una amplio cat\u00e1logo y capacidad de distribuci\u00f3n\",\"publisher\":{\"@id\":\"https:\\\/\\\/ferreralimentacion.com\\\/#organization\"},\"potentialAction\":[{\"@type\":\"SearchAction\",\"target\":{\"@type\":\"EntryPoint\",\"urlTemplate\":\"https:\\\/\\\/ferreralimentacion.com\\\/?s={search_term_string}\"},\"query-input\":{\"@type\":\"PropertyValueSpecification\",\"valueRequired\":true,\"valueName\":\"search_term_string\"}}],\"inLanguage\":\"en-US\"},{\"@type\":\"Organization\",\"@id\":\"https:\\\/\\\/ferreralimentacion.com\\\/#organization\",\"name\":\"Ferrer Alimentaci\u00f3n\",\"url\":\"https:\\\/\\\/ferreralimentacion.com\\\/\",\"logo\":{\"@type\":\"ImageObject\",\"inLanguage\":\"en-US\",\"@id\":\"https:\\\/\\\/ferreralimentacion.com\\\/#\\\/schema\\\/logo\\\/image\\\/\",\"url\":\"https:\\\/\\\/ferreralimentacion.com\\\/wp-content\\\/uploads\\\/2021\\\/08\\\/logo-ferrer-alimentacion-1.png\",\"contentUrl\":\"https:\\\/\\\/ferreralimentacion.com\\\/wp-content\\\/uploads\\\/2021\\\/08\\\/logo-ferrer-alimentacion-1.png\",\"width\":350,\"height\":33,\"caption\":\"Ferrer Alimentaci\u00f3n\"},\"image\":{\"@id\":\"https:\\\/\\\/ferreralimentacion.com\\\/#\\\/schema\\\/logo\\\/image\\\/\"},\"sameAs\":[\"https:\\\/\\\/www.linkedin.com\\\/company\\\/ferrer-alimentacin-s-a\\\/mycompany\\\/\"]}]}<\/script>\n<!-- \/ Yoast SEO plugin. -->","yoast_head_json":{"title":"Partners - Ferrer Alimentaci\u00f3n","description":"Our partners are prestigious companies and leading producers in their market sector. They are aligned with the market trends evolution","robots":{"index":"index","follow":"follow","max-snippet":"max-snippet:-1","max-image-preview":"max-image-preview:large","max-video-preview":"max-video-preview:-1"},"canonical":"https:\/\/ferreralimentacion.com\/en\/partners\/","og_locale":"en_US","og_type":"article","og_title":"Partners - Ferrer Alimentaci\u00f3n","og_description":"Our partners are prestigious companies and leading producers in their market sector. They are aligned with the market trends evolution","og_url":"https:\/\/ferreralimentacion.com\/en\/partners\/","og_site_name":"Ferrer Alimentaci\u00f3n","article_modified_time":"2026-01-26T15:10:19+00:00","twitter_card":"summary_large_image","schema":{"@context":"https:\/\/schema.org","@graph":[{"@type":"WebPage","@id":"https:\/\/ferreralimentacion.com\/en\/partners\/","url":"https:\/\/ferreralimentacion.com\/en\/partners\/","name":"Partners - Ferrer Alimentaci\u00f3n","isPartOf":{"@id":"https:\/\/ferreralimentacion.com\/#website"},"datePublished":"2022-02-17T13:24:39+00:00","dateModified":"2026-01-26T15:10:19+00:00","description":"Our partners are prestigious companies and leading producers in their market sector. They are aligned with the market trends evolution","inLanguage":"en-US","potentialAction":[{"@type":"ReadAction","target":["https:\/\/ferreralimentacion.com\/en\/partners\/"]}]},{"@type":"WebSite","@id":"https:\/\/ferreralimentacion.com\/#website","url":"https:\/\/ferreralimentacion.com\/","name":"Ferrer Alimentaci\u00f3n","description":"En Ferrer Alimentaci\u00f3n ofrecemos soluciones integrales en el proceso de creaci\u00f3n de alimentos, una amplio cat\u00e1logo y capacidad de distribuci\u00f3n","publisher":{"@id":"https:\/\/ferreralimentacion.com\/#organization"},"potentialAction":[{"@type":"SearchAction","target":{"@type":"EntryPoint","urlTemplate":"https:\/\/ferreralimentacion.com\/?s={search_term_string}"},"query-input":{"@type":"PropertyValueSpecification","valueRequired":true,"valueName":"search_term_string"}}],"inLanguage":"en-US"},{"@type":"Organization","@id":"https:\/\/ferreralimentacion.com\/#organization","name":"Ferrer Alimentaci\u00f3n","url":"https:\/\/ferreralimentacion.com\/","logo":{"@type":"ImageObject","inLanguage":"en-US","@id":"https:\/\/ferreralimentacion.com\/#\/schema\/logo\/image\/","url":"https:\/\/ferreralimentacion.com\/wp-content\/uploads\/2021\/08\/logo-ferrer-alimentacion-1.png","contentUrl":"https:\/\/ferreralimentacion.com\/wp-content\/uploads\/2021\/08\/logo-ferrer-alimentacion-1.png","width":350,"height":33,"caption":"Ferrer Alimentaci\u00f3n"},"image":{"@id":"https:\/\/ferreralimentacion.com\/#\/schema\/logo\/image\/"},"sameAs":["https:\/\/www.linkedin.com\/company\/ferrer-alimentacin-s-a\/mycompany\/"]}]}},"_links":{"self":[{"href":"https:\/\/ferreralimentacion.com\/en\/wp-json\/wp\/v2\/pages\/2236","targetHints":{"allow":["GET"]}}],"collection":[{"href":"https:\/\/ferreralimentacion.com\/en\/wp-json\/wp\/v2\/pages"}],"about":[{"href":"https:\/\/ferreralimentacion.com\/en\/wp-json\/wp\/v2\/types\/page"}],"author":[{"embeddable":true,"href":"https:\/\/ferreralimentacion.com\/en\/wp-json\/wp\/v2\/users\/1"}],"replies":[{"embeddable":true,"href":"https:\/\/ferreralimentacion.com\/en\/wp-json\/wp\/v2\/comments?post=2236"}],"version-history":[{"count":17,"href":"https:\/\/ferreralimentacion.com\/en\/wp-json\/wp\/v2\/pages\/2236\/revisions"}],"predecessor-version":[{"id":5593,"href":"https:\/\/ferreralimentacion.com\/en\/wp-json\/wp\/v2\/pages\/2236\/revisions\/5593"}],"wp:attachment":[{"href":"https:\/\/ferreralimentacion.com\/en\/wp-json\/wp\/v2\/media?parent=2236"}],"curies":[{"name":"wp","href":"https:\/\/api.w.org\/{rel}","templated":true}]}}