{"id":2219,"date":"2021-11-15T22:07:19","date_gmt":"2021-11-15T22:07:19","guid":{"rendered":"https:\/\/ferreralimentacion.com\/centro-logistic\/"},"modified":"2025-02-20T12:42:32","modified_gmt":"2025-02-20T11:42:32","slug":"logistics-center","status":"publish","type":"page","link":"https:\/\/ferreralimentacion.com\/en\/logistics-center\/","title":{"rendered":"Logistics center"},"content":{"rendered":"","protected":false},"excerpt":{"rendered":"","protected":false},"author":1,"featured_media":0,"parent":0,"menu_order":0,"comment_status":"closed","ping_status":"closed","template":"page-ferreralimentacion.php","meta":{"footnotes":""},"class_list":["post-2219","page","type-page","status-publish","hentry"],"yoast_head":"<!-- This site is optimized with the Yoast SEO plugin v27.3 - https:\/\/yoast.com\/product\/yoast-seo-wordpress\/ -->\n<title>Logistics center - Ferrer Alimentaci\u00f3n<\/title>\n<meta name=\"description\" content=\"We have our own premises for storage and distribution with the appropriate machinery and technology to fulfil the standard requirements in the sector and your logistics needs\" \/>\n<meta name=\"robots\" content=\"index, follow, max-snippet:-1, max-image-preview:large, max-video-preview:-1\" \/>\n<link rel=\"canonical\" href=\"https:\/\/ferreralimentacion.com\/en\/logistics-center\/\" \/>\n<meta property=\"og:locale\" content=\"en_US\" \/>\n<meta property=\"og:type\" content=\"article\" \/>\n<meta property=\"og:title\" content=\"Logistics center - Ferrer Alimentaci\u00f3n\" \/>\n<meta property=\"og:description\" content=\"We have our own premises for storage and distribution with the appropriate machinery and technology to fulfil the standard requirements in the sector and your logistics needs\" \/>\n<meta property=\"og:url\" content=\"https:\/\/ferreralimentacion.com\/en\/logistics-center\/\" \/>\n<meta property=\"og:site_name\" content=\"Ferrer Alimentaci\u00f3n\" \/>\n<meta property=\"article:modified_time\" content=\"2025-02-20T11:42:32+00:00\" \/>\n<meta name=\"twitter:card\" content=\"summary_large_image\" \/>\n<script type=\"application\/ld+json\" class=\"yoast-schema-graph\">{\"@context\":\"https:\\\/\\\/schema.org\",\"@graph\":[{\"@type\":\"WebPage\",\"@id\":\"https:\\\/\\\/ferreralimentacion.com\\\/en\\\/logistics-center\\\/\",\"url\":\"https:\\\/\\\/ferreralimentacion.com\\\/en\\\/logistics-center\\\/\",\"name\":\"Logistics center - Ferrer Alimentaci\u00f3n\",\"isPartOf\":{\"@id\":\"https:\\\/\\\/ferreralimentacion.com\\\/#website\"},\"datePublished\":\"2021-11-15T22:07:19+00:00\",\"dateModified\":\"2025-02-20T11:42:32+00:00\",\"description\":\"We have our own premises for storage and distribution with the appropriate machinery and technology to fulfil the standard requirements in the sector and your logistics needs\",\"inLanguage\":\"en-US\",\"potentialAction\":[{\"@type\":\"ReadAction\",\"target\":[\"https:\\\/\\\/ferreralimentacion.com\\\/en\\\/logistics-center\\\/\"]}]},{\"@type\":\"WebSite\",\"@id\":\"https:\\\/\\\/ferreralimentacion.com\\\/#website\",\"url\":\"https:\\\/\\\/ferreralimentacion.com\\\/\",\"name\":\"Ferrer Alimentaci\u00f3n\",\"description\":\"En Ferrer Alimentaci\u00f3n ofrecemos soluciones integrales en el proceso de creaci\u00f3n de alimentos, una amplio cat\u00e1logo y capacidad de distribuci\u00f3n\",\"publisher\":{\"@id\":\"https:\\\/\\\/ferreralimentacion.com\\\/#organization\"},\"potentialAction\":[{\"@type\":\"SearchAction\",\"target\":{\"@type\":\"EntryPoint\",\"urlTemplate\":\"https:\\\/\\\/ferreralimentacion.com\\\/?s={search_term_string}\"},\"query-input\":{\"@type\":\"PropertyValueSpecification\",\"valueRequired\":true,\"valueName\":\"search_term_string\"}}],\"inLanguage\":\"en-US\"},{\"@type\":\"Organization\",\"@id\":\"https:\\\/\\\/ferreralimentacion.com\\\/#organization\",\"name\":\"Ferrer Alimentaci\u00f3n\",\"url\":\"https:\\\/\\\/ferreralimentacion.com\\\/\",\"logo\":{\"@type\":\"ImageObject\",\"inLanguage\":\"en-US\",\"@id\":\"https:\\\/\\\/ferreralimentacion.com\\\/#\\\/schema\\\/logo\\\/image\\\/\",\"url\":\"https:\\\/\\\/ferreralimentacion.com\\\/wp-content\\\/uploads\\\/2021\\\/08\\\/logo-ferrer-alimentacion-1.png\",\"contentUrl\":\"https:\\\/\\\/ferreralimentacion.com\\\/wp-content\\\/uploads\\\/2021\\\/08\\\/logo-ferrer-alimentacion-1.png\",\"width\":350,\"height\":33,\"caption\":\"Ferrer Alimentaci\u00f3n\"},\"image\":{\"@id\":\"https:\\\/\\\/ferreralimentacion.com\\\/#\\\/schema\\\/logo\\\/image\\\/\"},\"sameAs\":[\"https:\\\/\\\/www.linkedin.com\\\/company\\\/ferrer-alimentacin-s-a\\\/mycompany\\\/\"]}]}<\/script>\n<!-- \/ Yoast SEO plugin. -->","yoast_head_json":{"title":"Logistics center - Ferrer Alimentaci\u00f3n","description":"We have our own premises for storage and distribution with the appropriate machinery and technology to fulfil the standard requirements in the sector and your logistics needs","robots":{"index":"index","follow":"follow","max-snippet":"max-snippet:-1","max-image-preview":"max-image-preview:large","max-video-preview":"max-video-preview:-1"},"canonical":"https:\/\/ferreralimentacion.com\/en\/logistics-center\/","og_locale":"en_US","og_type":"article","og_title":"Logistics center - Ferrer Alimentaci\u00f3n","og_description":"We have our own premises for storage and distribution with the appropriate machinery and technology to fulfil the standard requirements in the sector and your logistics needs","og_url":"https:\/\/ferreralimentacion.com\/en\/logistics-center\/","og_site_name":"Ferrer Alimentaci\u00f3n","article_modified_time":"2025-02-20T11:42:32+00:00","twitter_card":"summary_large_image","schema":{"@context":"https:\/\/schema.org","@graph":[{"@type":"WebPage","@id":"https:\/\/ferreralimentacion.com\/en\/logistics-center\/","url":"https:\/\/ferreralimentacion.com\/en\/logistics-center\/","name":"Logistics center - Ferrer Alimentaci\u00f3n","isPartOf":{"@id":"https:\/\/ferreralimentacion.com\/#website"},"datePublished":"2021-11-15T22:07:19+00:00","dateModified":"2025-02-20T11:42:32+00:00","description":"We have our own premises for storage and distribution with the appropriate machinery and technology to fulfil the standard requirements in the sector and your logistics needs","inLanguage":"en-US","potentialAction":[{"@type":"ReadAction","target":["https:\/\/ferreralimentacion.com\/en\/logistics-center\/"]}]},{"@type":"WebSite","@id":"https:\/\/ferreralimentacion.com\/#website","url":"https:\/\/ferreralimentacion.com\/","name":"Ferrer Alimentaci\u00f3n","description":"En Ferrer Alimentaci\u00f3n ofrecemos soluciones integrales en el proceso de creaci\u00f3n de alimentos, una amplio cat\u00e1logo y capacidad de distribuci\u00f3n","publisher":{"@id":"https:\/\/ferreralimentacion.com\/#organization"},"potentialAction":[{"@type":"SearchAction","target":{"@type":"EntryPoint","urlTemplate":"https:\/\/ferreralimentacion.com\/?s={search_term_string}"},"query-input":{"@type":"PropertyValueSpecification","valueRequired":true,"valueName":"search_term_string"}}],"inLanguage":"en-US"},{"@type":"Organization","@id":"https:\/\/ferreralimentacion.com\/#organization","name":"Ferrer Alimentaci\u00f3n","url":"https:\/\/ferreralimentacion.com\/","logo":{"@type":"ImageObject","inLanguage":"en-US","@id":"https:\/\/ferreralimentacion.com\/#\/schema\/logo\/image\/","url":"https:\/\/ferreralimentacion.com\/wp-content\/uploads\/2021\/08\/logo-ferrer-alimentacion-1.png","contentUrl":"https:\/\/ferreralimentacion.com\/wp-content\/uploads\/2021\/08\/logo-ferrer-alimentacion-1.png","width":350,"height":33,"caption":"Ferrer Alimentaci\u00f3n"},"image":{"@id":"https:\/\/ferreralimentacion.com\/#\/schema\/logo\/image\/"},"sameAs":["https:\/\/www.linkedin.com\/company\/ferrer-alimentacin-s-a\/mycompany\/"]}]}},"_links":{"self":[{"href":"https:\/\/ferreralimentacion.com\/en\/wp-json\/wp\/v2\/pages\/2219","targetHints":{"allow":["GET"]}}],"collection":[{"href":"https:\/\/ferreralimentacion.com\/en\/wp-json\/wp\/v2\/pages"}],"about":[{"href":"https:\/\/ferreralimentacion.com\/en\/wp-json\/wp\/v2\/types\/page"}],"author":[{"embeddable":true,"href":"https:\/\/ferreralimentacion.com\/en\/wp-json\/wp\/v2\/users\/1"}],"replies":[{"embeddable":true,"href":"https:\/\/ferreralimentacion.com\/en\/wp-json\/wp\/v2\/comments?post=2219"}],"version-history":[{"count":14,"href":"https:\/\/ferreralimentacion.com\/en\/wp-json\/wp\/v2\/pages\/2219\/revisions"}],"predecessor-version":[{"id":5095,"href":"https:\/\/ferreralimentacion.com\/en\/wp-json\/wp\/v2\/pages\/2219\/revisions\/5095"}],"wp:attachment":[{"href":"https:\/\/ferreralimentacion.com\/en\/wp-json\/wp\/v2\/media?parent=2219"}],"curies":[{"name":"wp","href":"https:\/\/api.w.org\/{rel}","templated":true}]}}